{"id":1014,"date":"2025-10-13T04:34:08","date_gmt":"2025-10-13T04:34:08","guid":{"rendered":"https:\/\/jonagami.com\/escolamestral\/?page_id=1014"},"modified":"2025-10-13T04:42:24","modified_gmt":"2025-10-13T04:42:24","slug":"accessibilitat","status":"publish","type":"page","link":"https:\/\/jonagami.com\/escolamestral\/accessibilitat\/","title":{"rendered":"Accessibilitat"},"content":{"rendered":"<p>[et_pb_section fb_built=&#8221;1&#8243; custom_padding_last_edited=&#8221;off|desktop&#8221; admin_label=&#8221;Header&#8221; _builder_version=&#8221;4.16&#8243; _module_preset=&#8221;default&#8221; background_color=&#8221;#fbfcfd&#8221; custom_padding=&#8221;6vw||0||false|false&#8221; custom_padding_tablet=&#8221;170px||50px|&#8221; global_colors_info=&#8221;{}&#8221;][et_pb_row _builder_version=&#8221;4.16&#8243; _module_preset=&#8221;default&#8221; global_colors_info=&#8221;{}&#8221;][et_pb_column type=&#8221;4_4&#8243; _builder_version=&#8221;4.16&#8243; _module_preset=&#8221;default&#8221; custom_padding=&#8221;|||&#8221; global_colors_info=&#8221;{}&#8221; custom_padding__hover=&#8221;|||&#8221;][et_pb_text admin_label=&#8221;Title&#8221; _builder_version=&#8221;4.27.4&#8243; _module_preset=&#8221;_initial&#8221; text_font=&#8221;||||||||&#8221; header_font=&#8221;|700|on|on|||||&#8221; header_text_align=&#8221;left&#8221; header_font_size=&#8221;4.9vw&#8221; header_letter_spacing=&#8221;0.18em&#8221; header_line_height=&#8221;1.4em&#8221; header_2_font=&#8221;||||||||&#8221; text_orientation=&#8221;center&#8221; custom_margin=&#8221;||0px&#8221; custom_margin_tablet=&#8221;|||0vw&#8221; custom_margin_phone=&#8221;||0px&#8221; custom_margin_last_edited=&#8221;off|desktop&#8221; animation_style=&#8221;slide&#8221; animation_direction=&#8221;top&#8221; animation_delay=&#8221;100ms&#8221; animation_intensity_slide=&#8221;10%&#8221; header_font_size_tablet=&#8221;7.5vw&#8221; header_font_size_phone=&#8221;&#8221; header_font_size_last_edited=&#8221;on|desktop&#8221; header_text_shadow_style=&#8221;preset3&#8243; header_text_shadow_blur_strength=&#8221;0.4em&#8221; header_text_shadow_color=&#8221;rgba(149,173,193,0.46)&#8221; global_colors_info=&#8221;{}&#8221; header_2_font_size__hover=&#8221;26px&#8221; header_2_font_size__hover_enabled=&#8221;26px&#8221; header_2_letter_spacing__hover=&#8221;0px&#8221; header_2_letter_spacing__hover_enabled=&#8221;0px&#8221; header_2_line_height__hover=&#8221;1em&#8221; header_2_line_height__hover_enabled=&#8221;1em&#8221; header_2_text_shadow_style__hover=&#8221;none&#8221; header_2_text_shadow_style__hover_enabled=&#8221;none&#8221; header_2_text_shadow_color__hover=&#8221;rgba(0,0,0,0.4)&#8221; header_2_text_shadow_color__hover_enabled=&#8221;rgba(0,0,0,0.4)&#8221; header_4_font_size__hover=&#8221;18px&#8221; header_4_font_size__hover_enabled=&#8221;18px&#8221; header_4_letter_spacing__hover=&#8221;0px&#8221; header_4_letter_spacing__hover_enabled=&#8221;0px&#8221; header_4_line_height__hover=&#8221;1em&#8221; header_4_line_height__hover_enabled=&#8221;1em&#8221; header_4_text_shadow_style__hover=&#8221;none&#8221; header_4_text_shadow_style__hover_enabled=&#8221;none&#8221; header_4_text_shadow_color__hover=&#8221;rgba(0,0,0,0.4)&#8221; header_4_text_shadow_color__hover_enabled=&#8221;rgba(0,0,0,0.4)&#8221;]<\/p>\n<h1><span dir=\"auto\"><span dir=\"auto\" class=\"\">accessibilitat<\/span><\/span><\/h1>\n<p>[\/et_pb_text][\/et_pb_column][\/et_pb_row][\/et_pb_section][et_pb_section fb_built=&#8221;1&#8243; _builder_version=&#8221;4.16&#8243; _module_preset=&#8221;default&#8221; custom_padding=&#8221;0px|||||&#8221; global_colors_info=&#8221;{}&#8221;][et_pb_row _builder_version=&#8221;4.16&#8243; _module_preset=&#8221;default&#8221; width=&#8221;90.7%&#8221; global_colors_info=&#8221;{}&#8221;][et_pb_column type=&#8221;4_4&#8243; _builder_version=&#8221;4.16&#8243; _module_preset=&#8221;default&#8221; global_colors_info=&#8221;{}&#8221;][et_pb_text _builder_version=&#8221;4.27.4&#8243; _module_preset=&#8221;_initial&#8221; custom_margin=&#8221;|4px||-1px||&#8221; global_colors_info=&#8221;{}&#8221;]<\/p>\n<p><strong>Declaraci\u00f3 d&#8217;accessibilitat<\/strong><\/p>\n<p>Declaraci\u00f3 d&#8217;accessibilitat<br \/>Alerto Casadeball Ba\u00f1uelos s&#8217;ha comprom\u00e8s a fer accessible el vostre lloc web, de conformitat amb el Reial Decret 1112\/2018, de 7 de setembre, sobre accessibilitat dels llocs web i aplicacions per a dispositius m\u00f2bils del sector p\u00fablic.<\/p>\n<p>Aquesta declaraci\u00f3 d&#8217;accessibilitat s&#8217;aplica al web https:\/\/gaiahouse.es<\/p>\n<p><strong>SITUACI\u00d3 DE COMPLIMENT<\/strong><\/p>\n<p>Aquest lloc web \u00e9s parcialment conforme amb el RD 1112\/2018 a causa de les excepcions i la manca de conformitat dels aspectes que s&#8217;indiquen al seg\u00fcent punt.<\/p>\n<p><strong>CONTINGUT NO ACCESSIBLE<\/strong><\/p>\n<p>El contingut que es recull a continuaci\u00f3 no \u00e9s accessible pel seg\u00fcent:<\/p>\n<p>Manca de conformitat amb el RD 1112\/2018.<br \/>Podrien existir alguns aspectes de contrast que no compleixin els m\u00ednims exigits, 3:1,<br \/>1.1.1-Contingut no textual.<br \/>1.3.1-Informaci\u00f3 i relacions.<br \/>2.4.4-Prop\u00f2sit dels enlla\u00e7os (en context).<br \/>3.1.1- Idioma de la p\u00e0gina.<br \/>Podrien existir alguns elements no textuals no etiquetats correctament [2.5.3 Etiqueta al nom] i [4.1.2 Nom funci\u00f3 i valor].<\/p>\n<p>C\u00e0rrega desproporcionada.<br \/>No s&#8217;aplica.<br \/>El contingut no entra dins l\u00e0mbit de la legislaci\u00f3 aplicable.<br \/>Podrien existir fitxers ofim\u00e0tics en PDF o altres formats publicats abans del 20 de setembre de 2018 que no compleixin \u00edntegrament tots els requisits d&#8217;accessibilitat. Tot i que s&#8217;ha procurat que la majoria s\u00ed que ho compleixin.<br \/><strong>PREPARACI\u00d3 DE LA SEG\u00dcENT DECLARACI\u00d3 D&#8217;ACCESSIBILITAT<\/strong><br \/>Aquesta declaraci\u00f3 va ser preparada el 26 doctubre del 2023.<\/p>\n<p>El m\u00e8tode utilitzat per preparar la declaraci\u00f3 ha estat una autoavaluaci\u00f3 duta a terme per l&#8217;agent digitalitzador del kit digital.<\/p>\n<p><strong>OBSERVACIONS I DADES DE CONTACTE<\/strong><br \/>Podeu realitzar comunicacions sobre requisits d&#8217;accessibilitat (article 10.2.a del RD 1112\/2018) com ara:<\/p>\n<p>Informar sobre qualsevol possible incompliment per part d&#8217;aquest lloc web<br \/>Transmetre altres dificultats d&#8217;acc\u00e9s al contingut<br \/>Formular qualsevol altra consulta o suggeriment de millora relativa a laccessibilitat del lloc web.<br \/>A trav\u00e9s del formulari de contacte d&#8217;aquest lloc web o mitjan\u00e7ant el n\u00famero de tel\u00e8fon 93 827 20 36.<\/p>\n<p>Podeu presentar:<\/p>\n<p>Queixa relativa al compliment dels requisits del RD 1112\/2018 o Sol\u00b7licitud dinformaci\u00f3 accessible relativa a:<br \/>Continguts que estan exclosos de l\u00e0mbit daplicaci\u00f3 del RD 1112\/2018 segons el que estableix larticle 3, apartat 4.<\/p>\n<p>Continguts que estan exempts del compliment dels requisits daccessibilitat per imposar una c\u00e0rrega desproporcionada.<\/p>\n<p>A la Sol\u00b7licitud d&#8217;informaci\u00f3 accessible, cal concretar, amb tota claredat, els fets, les raons i la petici\u00f3 que permetin constatar que es tracta d&#8217;una sol\u00b7licitud raonable i leg\u00edtima.<\/p>\n<p>Les queixes i reclamacions sobre informaci\u00f3 accessible es faran a trav\u00e9s del formulari de contacte: pgclinica.es\/contacto<\/p>\n<p><strong>PROCEDIMENT D&#8217;APLICACI\u00d3<\/strong><br \/>Si una vegada realitzada una sol\u00b7licitud d&#8217;informaci\u00f3 accessible o queixa, aquesta ha estat desestimada, no s&#8217;estigu\u00e9s d&#8217;acord amb la decisi\u00f3 adoptada, o la resposta no compl\u00eds els requisits que preveu l&#8217;article 12.5, la persona interessada pot iniciar una reclamaci\u00f3. Igualment es podr\u00e0 iniciar una reclamaci\u00f3 en cas que hagi transcorregut el termini de vint dies h\u00e0bils sense haver obtingut resposta.<\/p>\n<p>La reclamaci\u00f3 es pot presentar a trav\u00e9s del formulari de contacte: https:\/\/gaiahouse.es\/contacto<\/p>\n<p><strong>CONTINGUT OPCIONAL<\/strong><br \/>Aquest portal est\u00e0 dissenyat per poder canviar la mida del text i el color, aix\u00ed com el fons de la p\u00e0gina mitjan\u00e7ant les opcions de configuraci\u00f3 est\u00e0ndard dels navegadors.<\/p>\n<p>Si voleu canviar la mida de lletra del text als principals navegadors gr\u00e0fics utilitzeu els men\u00fas seg\u00fcents:<\/p>\n<p>Internet Explorer, Mozilla i Firefox: Veure &gt; Mida del text<br \/>Opera: Veure &gt; Zoom<br \/>Safari: Veure &gt; Fer el text m\u00e9s gran<br \/>Chrome: Controla la p\u00e0gina actual &gt; Mida del text<br \/>Per modificar la mida de tot a la p\u00e0gina:<br \/>Ctrl + + per augmentar-ho<br \/>Ctrl + \u2013 per disminuir-ho<br \/>Ctrl + 0 restaura la mida original del text<br \/>Si el que voleu \u00e9s anul\u00b7lar el full d&#8217;estils o modificar el color del text, podeu consultar la p\u00e0gina How to Change Text Size o Colors de la WAI, que es pot llegir tradu\u00eft a l&#8217;espanyol a Com canviar la mida del text o colors?<\/p>\n<p>[\/et_pb_text][\/et_pb_column][\/et_pb_row][\/et_pb_section]<\/p>\n","protected":false},"excerpt":{"rendered":"<p>accessibilitatDeclaraci\u00f3 d&#8217;accessibilitat Declaraci\u00f3 d&#8217;accessibilitatAlerto Casadeball Ba\u00f1uelos s&#8217;ha comprom\u00e8s a fer accessible el vostre lloc web, de conformitat amb el Reial Decret 1112\/2018, de 7 de setembre, sobre accessibilitat dels llocs web i aplicacions per a dispositius m\u00f2bils del sector p\u00fablic. Aquesta declaraci\u00f3 d&#8217;accessibilitat s&#8217;aplica al web https:\/\/gaiahouse.es SITUACI\u00d3 DE COMPLIMENT Aquest lloc web \u00e9s parcialment [&hellip;]<\/p>\n","protected":false},"author":4,"featured_media":0,"parent":0,"menu_order":0,"comment_status":"closed","ping_status":"closed","template":"","meta":{"_et_pb_use_builder":"on","_et_pb_old_content":"","_et_gb_content_width":"","footnotes":""},"class_list":["post-1014","page","type-page","status-publish","hentry"],"_links":{"self":[{"href":"https:\/\/jonagami.com\/escolamestral\/wp-json\/wp\/v2\/pages\/1014","targetHints":{"allow":["GET"]}}],"collection":[{"href":"https:\/\/jonagami.com\/escolamestral\/wp-json\/wp\/v2\/pages"}],"about":[{"href":"https:\/\/jonagami.com\/escolamestral\/wp-json\/wp\/v2\/types\/page"}],"author":[{"embeddable":true,"href":"https:\/\/jonagami.com\/escolamestral\/wp-json\/wp\/v2\/users\/4"}],"replies":[{"embeddable":true,"href":"https:\/\/jonagami.com\/escolamestral\/wp-json\/wp\/v2\/comments?post=1014"}],"version-history":[{"count":5,"href":"https:\/\/jonagami.com\/escolamestral\/wp-json\/wp\/v2\/pages\/1014\/revisions"}],"predecessor-version":[{"id":1020,"href":"https:\/\/jonagami.com\/escolamestral\/wp-json\/wp\/v2\/pages\/1014\/revisions\/1020"}],"wp:attachment":[{"href":"https:\/\/jonagami.com\/escolamestral\/wp-json\/wp\/v2\/media?parent=1014"}],"curies":[{"name":"wp","href":"https:\/\/api.w.org\/{rel}","templated":true}]}}